{"id":95,"date":"2012-09-26T00:31:24","date_gmt":"2012-09-25T22:31:24","guid":{"rendered":"https:\/\/hirschberg.wpengine.com.php53-23.dfw1-1.websitetestlink.com\/?page_id=95"},"modified":"2023-03-05T23:01:04","modified_gmt":"2023-03-05T22:01:04","slug":"tlumacz-przysiegly-polski-angielski-szwedzki","status":"publish","type":"page","link":"https:\/\/www.hirschberg.se\/pl\/tlumacz-przysiegly-polski-angielski-szwedzki\/","title":{"rendered":"Us\u0142ugi j\u0119zykowe"},"content":{"rendered":"<p>Szukasz t\u0142umacza mi\u0119dzy polskim, szwedzkim i angielskim? <a title=\"Kontakt\" href=\"https:\/\/www.hirschberg.se\/pl\/kontakt-consulting-tlumaczenie-polski-angielski-szwedzki\/\">Zapytaj o ofert\u0119<\/a>!\u00a0Jestem tak\u017ce\u00a0<a title=\"Kammarkollegiet\" href=\"http:\/\/www.kammarkollegiet.se\/translator\/en\/details\/10159\" target=\"_blank\" rel=\"noopener\">t\u0142umaczem przysi\u0119g\u0142ym<\/a>\u00a0zar\u00f3wno z j\u0119zyka polskiego i angielskiego na szwedzki, jak i ze szwedzkiego na polski, uprawnionym do tego przez szwedzki pa\u0144stwowy Urz\u0105d Us\u0142ug Prawnych, Fiinansowych i Administracyjnych\u00a0(<em>Kammarkollegiet<\/em>). Moje typowe zlecenia:<\/p>\n<ul>\n<li>Za\u015bwiadczenia, opinie, \u015bwiadectwa, dyplomy.<\/li>\n<li>Listy, artyku\u0142y, literatura fachowa, studia, prace dyplomowe.<\/li>\n<li>Dokumenty ewidencyjne, historyczne, genealogiczne.<\/li>\n<li>Strony internetowe, materia\u0142y marketingowe.<\/li>\n<li>Specyfikacje techniczne, umowy, dokumenty s\u0105dowe.<\/li>\n<\/ul>\n<p>T\u0142umacz\u0119 r\u00f3wnie\u017c\u00a0<a title=\"Literatura bez granic\" href=\"https:\/\/www.hirschberg.se\/pl\/tlumaczenie-literatury-polski-angielski-szwedzki\/\">literatur\u0119 pi\u0119kn\u0105<\/a>.<\/p>\n","protected":false},"excerpt":{"rendered":"<p>Szukasz t\u0142umacza mi\u0119dzy polskim, szwedzkim i angielskim? Zapytaj o ofert\u0119!\u00a0Jestem tak\u017ce\u00a0t\u0142umaczem przysi\u0119g\u0142ym\u00a0zar\u00f3wno z j\u0119zyka polskiego i angielskiego na szwedzki, jak i ze szwedzkiego na polski, uprawnionym do tego przez szwedzki pa\u0144stwowy Urz\u0105d Us\u0142ug Prawnych, Fiinansowych i Administracyjnych\u00a0(Kammarkollegiet). Moje typowe zlecenia: Za\u015bwiadczenia, opinie, \u015bwiadectwa, dyplomy. Listy, artyku\u0142y, literatura fachowa, studia, prace dyplomowe. Dokumenty ewidencyjne, historyczne, genealogiczne. [&hellip;]<\/p>\n","protected":false},"author":2,"featured_media":203,"parent":0,"menu_order":20,"comment_status":"open","ping_status":"closed","template":"","meta":{"footnotes":""},"class_list":["post-95","page","type-page","status-publish","has-post-thumbnail","hentry","entry"],"_links":{"self":[{"href":"https:\/\/www.hirschberg.se\/pl\/wp-json\/wp\/v2\/pages\/95","targetHints":{"allow":["GET"]}}],"collection":[{"href":"https:\/\/www.hirschberg.se\/pl\/wp-json\/wp\/v2\/pages"}],"about":[{"href":"https:\/\/www.hirschberg.se\/pl\/wp-json\/wp\/v2\/types\/page"}],"author":[{"embeddable":true,"href":"https:\/\/www.hirschberg.se\/pl\/wp-json\/wp\/v2\/users\/2"}],"replies":[{"embeddable":true,"href":"https:\/\/www.hirschberg.se\/pl\/wp-json\/wp\/v2\/comments?post=95"}],"version-history":[{"count":0,"href":"https:\/\/www.hirschberg.se\/pl\/wp-json\/wp\/v2\/pages\/95\/revisions"}],"wp:featuredmedia":[{"embeddable":true,"href":"https:\/\/www.hirschberg.se\/pl\/wp-json\/wp\/v2\/media\/203"}],"wp:attachment":[{"href":"https:\/\/www.hirschberg.se\/pl\/wp-json\/wp\/v2\/media?parent=95"}],"curies":[{"name":"wp","href":"https:\/\/api.w.org\/{rel}","templated":true}]}}